{"id":179,"date":"2018-12-23T13:53:04","date_gmt":"2018-12-23T12:53:04","guid":{"rendered":"http:\/\/nikitawedsnikil.in\/?page_id=179"},"modified":"2019-05-07T17:25:16","modified_gmt":"2019-05-07T15:25:16","slug":"installation-alarmes","status":"publish","type":"page","link":"https:\/\/espacealarme.fr\/?page_id=179","title":{"rendered":"Installation d&#8217;alarmes"},"content":{"rendered":"<p>Notre soci\u00e9t\u00e9 est experte dans l\u2019installation d&#8217;alarmes intrusion. Gr\u00e2ce \u00e0 elles, la s\u00e9curit\u00e9 de vos locaux et de vos biens est assur\u00e9e<\/p>\n","protected":false},"excerpt":{"rendered":"<p>Notre soci\u00e9t\u00e9 est experte dans l\u2019installation d&#8217;alarmes intrusion. Gr\u00e2ce \u00e0 elles, la s\u00e9curit\u00e9 de vos locaux et de vos biens est assur\u00e9e<\/p>\n","protected":false},"author":1,"featured_media":0,"parent":0,"menu_order":0,"comment_status":"closed","ping_status":"closed","template":"","meta":{"spay_email":""},"jetpack_sharing_enabled":true,"jetpack_shortlink":"https:\/\/wp.me\/Pa7eC4-2T","jetpack-related-posts":[{"id":181,"url":"https:\/\/espacealarme.fr\/?page_id=181","url_meta":{"origin":179,"position":0},"title":"Transmission","date":"23 December 2018","format":false,"excerpt":"Espace Alarme vous permet la transmission d\u2019une intrusion par GSM ou internet et la transmission vid\u00e9o de vos locaux","rel":"","context":"Similar post","img":{"alt_text":"","src":"","width":0,"height":0},"classes":[]},{"id":183,"url":"https:\/\/espacealarme.fr\/?page_id=183","url_meta":{"origin":179,"position":1},"title":"D\u00e9tecteurs de mouvement","date":"23 December 2018","format":false,"excerpt":"Les technologies utilis\u00e9es par Espace Alarme incluent d\u00e9tecteurs de mouvement, d\u00e9tecteurs de mouvement avec capteur photo, d\u00e9tecteurs d'ouverture de portes et fen\u00eatres et barri\u00e8res infrarouges.","rel":"","context":"Similar post","img":{"alt_text":"","src":"","width":0,"height":0},"classes":[]},{"id":171,"url":"https:\/\/espacealarme.fr\/?page_id=171","url_meta":{"origin":179,"position":2},"title":"Gammes de produits","date":"23 December 2018","format":false,"excerpt":"Espace Alarme propose une large gamme de solutions en \u00e9lectricit\u00e9 g\u00e9n\u00e9rale et industrielle, vid\u00e9osurveillance, alarme intrusion, alarme incendie, syst\u00e8mes de s\u00e9curit\u00e9 et domotique","rel":"","context":"Similar post","img":{"alt_text":"","src":"https:\/\/i2.wp.com\/espacealarme.fr\/wp-content\/uploads\/2018\/12\/matthew-henry-87142-unsplash.jpg?fit=1200%2C800&ssl=1&resize=350%2C200","width":350,"height":200},"classes":[]},{"id":163,"url":"https:\/\/espacealarme.fr\/?page_id=163","url_meta":{"origin":179,"position":3},"title":"Expertise","date":"23 December 2018","format":false,"excerpt":"Situ\u00e9e \u00e0 Coulommiers, la soci\u00e9t\u00e9 Espace Alarme intervient depuis 2004 aupr\u00e8s des particuliers, les collectifs d\u2019habitat et les industriels. Elle entretient la confiance de ses clients par un savoir-faire, une constante \u00e9volution de ses produits et une formation r\u00e9guli\u00e8re sur les nouvelles technologies.","rel":"","context":"Similar post","img":{"alt_text":"","src":"https:\/\/i2.wp.com\/espacealarme.fr\/wp-content\/uploads\/2018\/12\/cables-close-up-computer-257736.jpg?fit=1200%2C799&ssl=1&resize=350%2C200","width":350,"height":200},"classes":[]},{"id":187,"url":"https:\/\/espacealarme.fr\/?page_id=187","url_meta":{"origin":179,"position":4},"title":"S\u00e9r\u00e9nit\u00e9","date":"23 December 2018","format":false,"excerpt":"Gr\u00e2ce \u00e0 la t\u00e9l\u00e9maintenance vous b\u00e9n\u00e9ficiez d'une analyse de panne, changement de code, modification technique en moins d'une heure.","rel":"","context":"Similar post","img":{"alt_text":"","src":"","width":0,"height":0},"classes":[]}],"_links":{"self":[{"href":"https:\/\/espacealarme.fr\/index.php?rest_route=\/wp\/v2\/pages\/179"}],"collection":[{"href":"https:\/\/espacealarme.fr\/index.php?rest_route=\/wp\/v2\/pages"}],"about":[{"href":"https:\/\/espacealarme.fr\/index.php?rest_route=\/wp\/v2\/types\/page"}],"author":[{"embeddable":true,"href":"https:\/\/espacealarme.fr\/index.php?rest_route=\/wp\/v2\/users\/1"}],"replies":[{"embeddable":true,"href":"https:\/\/espacealarme.fr\/index.php?rest_route=%2Fwp%2Fv2%2Fcomments&post=179"}],"version-history":[{"count":3,"href":"https:\/\/espacealarme.fr\/index.php?rest_route=\/wp\/v2\/pages\/179\/revisions"}],"predecessor-version":[{"id":249,"href":"https:\/\/espacealarme.fr\/index.php?rest_route=\/wp\/v2\/pages\/179\/revisions\/249"}],"wp:attachment":[{"href":"https:\/\/espacealarme.fr\/index.php?rest_route=%2Fwp%2Fv2%2Fmedia&parent=179"}],"curies":[{"name":"wp","href":"https:\/\/api.w.org\/{rel}","templated":true}]}}